{"id":8127,"date":"2021-05-17T10:04:03","date_gmt":"2021-05-17T08:04:03","guid":{"rendered":"https:\/\/www.koon.it\/?page_id=8127"},"modified":"2023-12-15T11:37:27","modified_gmt":"2023-12-15T09:37:27","slug":"termini-condizioni","status":"publish","type":"page","link":"https:\/\/www.koon.it\/it_it\/termini-condizioni\/","title":{"rendered":"Termini &#038; Condizioni"},"content":{"rendered":"<h1 class=\"western\">Condizioni di vendita Koon shop online<\/h1>\n<h2 class=\"western\">Condizioni Generali<\/h2>\n<p style=\"text-align: left;\" align=\"center\"><strong>(ai sensi del Capo I, titolo 3, parte 3, del d.lgs 206\/2005 e successive modifiche e integrazioni)<\/strong><\/p>\n<h2 class=\"western\">1. Premessa ed efficacia delle Condizioni Generali<\/h2>\n<p>Le presenti condizioni generali di vendita (in seguito, &#8220;<strong>Condizioni Generali<\/strong>&#8220;) hanno per oggetto la disciplina dell\u2019acquisto dei prodotti e dei servizi effettuato a distanza, e resi disponibili tramite rete internet, dal sito\u00a0<span style=\"color: #0563c1;\"><u><span style=\"color: #000000;\"><b><a href=\"http:\/\/www.italybest.it\/\">www.<\/a><a href=\"http:\/\/www.italybest.it\/\">koon.it<\/a><\/b><\/span><\/u><\/span><strong>\u00a0<\/strong>(nel seguito, il \u201c<strong>Sito\u201d<\/strong>) nel rispetto della normativa italiana di cui al d.lgs 206\/2005 e successive modifiche e integrazioni (in seguito, \u201c<strong>Codice del Consumo<\/strong>\u201d).<\/p>\n<p>Il venditore dei prodotti e titolare del Sito \u00e8: <strong>GMG SERVICE S.R.L.<\/strong> con sede legale in Via Monte Grappa, 5, C.F. e P.I. 02250130974, REA: LI- 161794, indirizzo di posta elettronica:\u00a0<span style=\"color: #0563c1;\"><u><a href=\"mailto:info@italybest.it\"><span style=\"color: #000000;\"><b>shop@koon.it<\/b><\/span><\/a><\/u><\/span><\/p>\n<p>Il consumatore che accede al Sito per effettuare acquisti (di seguito \u201c<strong>Cliente<\/strong>\u201d) \u00e8 tenuto, prima dell\u2019invio dell\u2019ordine, a leggere attentamente le presenti Condizioni Generali che sono state messe a sua disposizione sul Sito: www.koon.it.<\/p>\n<p><u>Nel caso in cui il soggetto che effettua acquisti sul Sito richieda l\u2019emissione di fattura e\/o comunque non sia un \u201cconsumatore o utente\u201d come definito all\u2019art. 3, comma 1, lett. a), del Codice del Consumo, non troveranno applicazione la disciplina del recesso di cui all\u2019art. 7 e 8 delle presenti Condizioni Generali n\u00e9, pi\u00f9 in generale, le previsioni che ai sensi del medesimo Codice del Consumo si applicano unicamente ai \u201cconsumatori\u201d<\/u>.<\/p>\n<p>I contratti conclusi con <strong>GMG SERVICE S.R.L. <\/strong>attraverso il Sito sono regolati dalle presenti Condizioni Generali nel rispetto della normativa italiana. La lingua a disposizione per concludere il contratto \u00e8 l\u2019italiano.<\/p>\n<h2 class=\"western\">2. Scegliere e ordinare i Prodotti<\/h2>\n<p>Le caratteristiche e il prezzo dei vari prodotti in vendita sul Sito (di seguito \u201c<strong>Prodotto<\/strong>\u201d o \u201c<strong>Prodotti<\/strong>\u201d) sono riportati nella pagina relativa a ciascun Prodotto.<\/p>\n<p>Per l&#8217;acquisto dei Prodotti il Cliente dovr\u00e0 compilare e inviare il modulo d&#8217;ordine in formato elettronico, seguendo le istruzioni contenute nel Sito. Il Cliente dovr\u00e0 aggiungere il Prodotto al &#8220;Carrello&#8221; e, dopo aver preso visione delle Condizioni Generali e della Politica di Privacy e confermato la loro accettazione, dovr\u00e0 inserire i dati di spedizione e eventuale fatturazione, selezionare la modalit\u00e0 di pagamento desiderata e confermare l&#8217;ordine.<\/p>\n<p>Con l\u2019invio dell&#8217;ordine dal Sito, che ha valore di proposta contrattuale, il Cliente riconosce e dichiara di aver preso visione di tutte le indicazioni fornitegli durante la procedura d&#8217;acquisto e di accettare integralmente le presenti Condizioni Generali e di pagamento trascritte.<\/p>\n<p>Il contratto stipulato tra <strong>GMG SERVICE S.R.L. <\/strong>e il Cliente deve intendersi concluso con l&#8217;accettazione dell&#8217;ordine da parte di <strong>GMG SERVICE S.R.L.<\/strong> Tale accettazione viene comunicata al Cliente attraverso un&#8217;email di conferma dell&#8217;ordine stesso contenente un rinvio alle presenti Condizioni Generali, il numero d&#8217;ordine, i dati di spedizione e fatturazione, l&#8217;elenco dei Prodotti ordinati con le loro caratteristiche essenziali e il prezzo complessivo, incluse le spese di consegna. Il Cliente controller\u00e0 l\u2019email di conferma e qualora individui degli errori nell\u2019ordine avr\u00e0 12 ore di tempo dalla ricezione di tale email per contattare il Servizio Clienti.<\/p>\n<p>Una volta ricevuto l&#8217;ordine <strong>GMG SERVICE S.R.L. <\/strong>verificher\u00e0 la disponibilit\u00e0 degli stock per l&#8217;evasione dell&#8217;ordine stesso. Nel caso in cui uno o pi\u00f9 Prodotti non risultassero disponibili, il Servizio <strong>GMG SERVICE S.R.L. <\/strong>invier\u00e0 tempestiva comunicazione via email al Cliente il quale, entro le successive 12 ore, avr\u00e0 facolt\u00e0 di rispondere per confermare la spedizione degli eventuali ulteriori Prodotti disponibili o annullarla. In caso di mancata risposta entro tale termine, l\u2019ordine verr\u00e0 considerato confermato e i Prodotti disponibili saranno messi in spedizione. In tal caso l\u2019intero importo relativo ai Prodotti mancanti verr\u00e0 stornato o comunque, a seconda del metodo di pagamento prescelto, non sar\u00e0 addebitato al Cliente.<\/p>\n<h2 class=\"western\">3. Informazioni sui Prodotti<\/h2>\n<p>Le informazioni e le caratteristiche relative ai Prodotti sono disponibili, con i relativi codici di Prodotto, sul Sito.<\/p>\n<p>La rappresentazione visiva dei Prodotti sul Sito, ove disponibile, corrisponde normalmente all&#8217;immagine fotografica a corredo della scheda descrittiva. Resta inteso che l&#8217;immagine dei Prodotti stessi ha il solo scopo di presentarli per la vendita e pu\u00f2 non essere perfettamente rappresentativa delle sue caratteristiche e qualit\u00e0 ma potr\u00e0 differire per colore e dimensioni. In caso di differenza tra l&#8217;immagine e la scheda prodotto scritta, fa sempre fede la descrizione della scheda prodotto.<\/p>\n<h2 class=\"western\">4. Prezzi e spedizioni<\/h2>\n<p>\u00b7\u00a0\u00a0\u00a0\u00a0\u00a0\u00a0\u00a0\u00a0 <strong>Spedizioni in Italia<\/strong>:<\/p>\n<p>Le spedizioni in Italia avverranno a mezzo corriere espresso alle tariffe indicate al momento dell\u2019inserimento degli articoli sul carrello. Per ordini di importo superiore ad <b>Euro 99,00<\/b> \u20ac la spedizione \u00e8 gratuita.<\/p>\n<p>\u00b7\u00a0\u00a0\u00a0\u00a0\u00a0\u00a0\u00a0\u00a0 <strong>Spedizioni all&#8217;Estero<\/strong>:<\/p>\n<p>Le spese di spedizione variano in base al Paese di destinazione. Faranno eccezione a questa tariffazione le spese di spedizione verso la Svizzera, che varieranno in base al peso dell&#8217;ordine, indipendentemente dall&#8217;importo dello stesso, e saranno comunicate al Cliente in fase di checkout e comunque prima della conferma dell\u2019acquisto. Nel momento in cui il Cliente seleziona un Paese di destinazione diverso dall&#8217;Italia le spese di spedizione saranno automaticamente aggiornate.<\/p>\n<h2 class=\"western\">5. Modalit\u00e0 di pagamento e fatturazione<\/h2>\n<h3 class=\"western\">5.1 Metodi di pagamento<\/h3>\n<p>Il Cliente potr\u00e0 effettuare il pagamento del prezzo dei Prodotti e delle relative spese di consegna mediante Carta di credito, PayPal, Bonifico Bancario, Carta Prepagata<b>, <\/b><strong>Carta di Credito.<\/strong><\/p>\n<p>I circuiti sui quali \u00e8 possibile acquistare all&#8217;interno del Sito sono:<\/p>\n<ul>\n<li>Visa \/ Visa Electron<\/li>\n<li>Mastercard \/ Maestro<\/li>\n<li>American Express<\/li>\n<\/ul>\n<p>Per garantire la massima sicurezza, il Cliente effettuer\u00e0 la transazione di pagamento direttamente sul server sicuro della banca.<\/p>\n<p>Il Sito non memorizza il numero della carta di credito del Cliente, ma grazie al sistema di comunicazione protetto dell\u2019istituto di credito di riferimento, dalla seconda spesa, il Cliente che lo desideri \u2013 tramite selezione dell\u2019opzione apposita &#8211; potr\u00e0 procedere con l&#8217;acquisto senza inserire nuovamente i suoi dati. L&#8217;Istituto di credito di riferimento utilizza il protocollo SSL per crittografare i dati trasmessi tra il suo server ed il browser del Cliente.<\/p>\n<ul>\n<li><strong>PayPal<\/strong><\/li>\n<\/ul>\n<p>Una volta confermato l&#8217;ordine, il Cliente sar\u00e0 reindirizzato al sito di PayPal dove potr\u00e0 effettuare il pagamento con il suo conto oppure utilizzando una carta, anche prepagata, o comunque secondo le modalit\u00e0 accettate da Paypal e nel rispetto delle relative condizioni.<\/p>\n<ul>\n<li><strong>Bonifico bancario<\/strong><\/li>\n<\/ul>\n<p>Il Cliente dovr\u00e0 effettuare il bonifico\u00a0entro 3 giorni dalla data dell&#8217;ordine. In caso ci\u00f2 non si verificasse l\u2019ordine verr\u00e0 annullato e la merce messa nuovamente a disposizione per l\u2019acquisto da parte di altri Clienti. Il Cliente che non abbia provveduto ad effettuare il bonifico potr\u00e0 venire contattato dal Servizio Clienti al fine di chiarire se la causa del mancato accredito sia da imputarsi alla volont\u00e0 del Cliente di non confermare l&#8217;acquisto o ad altre cause.<\/p>\n<p>Dati per il bonifico:<\/p>\n<p><b>GMG SERVICE SRL<\/b><\/p>\n<p><a name=\"_GoBack\"><\/a><b>Banco BPM-Ag. Pistoia<\/b><\/p>\n<p><span lang=\"en-US\"><b>Iban: IT 95 N 05034 13800 000000000770<\/b><\/span><\/p>\n<p><span lang=\"en-US\"><b>Swift: BAPPIT21S45<\/b><\/span><\/p>\n<p><span lang=\"en-US\"><br \/>\n<\/span>Causale: il Cliente dovr\u00e0 indicare nella causale del bonifico la data e il numero di ordine, reperibile nell&#8217;email di conferma (es. &#8220;Ordine 20\/04\/2021 n. 1111&#8221;).<\/p>\n<h2 class=\"western\">6. Trasporto e consegna<\/h2>\n<p>I Prodotti acquistati sul Sito verranno consegnati all&#8217;indirizzo indicato dal Cliente durante la procedura d&#8217;acquisto nell\u2019apposito campo \u201cDati di Spedizione\u201d.<\/p>\n<p>Tutti gli acquisti verranno consegnati mediante corriere espresso (di seguito, &#8220;<strong>Corriere<\/strong>&#8220;) dal luned\u00ec al venerd\u00ec, esclusi festivi e feste nazionali. <strong>GMG SERVICE S.R.L. <\/strong>non \u00e8 responsabile per ritardi non prevedibili o non imputabili ad essa.<\/p>\n<p>Una volta spediti i Prodotti il Cliente ricever\u00e0 un\u2019email di conferma in cui sar\u00e0 incluso un link a cui fare riferimento per il tracciamento della spedizione.<\/p>\n<p>In ogni caso, salvo in casi di forza maggiore o caso fortuito, i Prodotti ordinati saranno consegnati entro un termine di 5 (cinque) giorni lavorativi a decorrere dal giorno successivo a quello in cui <strong>GMG SERVICE S.R.L. <\/strong>ha confermato l&#8217;ordine al Cliente tramite apposita e-mail di conferma d\u2019ordine per le spedizioni in Italia.<\/p>\n<p>In ogni caso, salvo in casi di forza maggiore o caso fortuito, i Prodotti ordinati saranno consegnati entro un termine di 7 (sette) giorni lavorativi a decorrere dal giorno successivo a quello in cui <strong>GMG SERVICE S.R.L. <\/strong>ha confermato l&#8217;ordine al Cliente tramite apposita e-mail di conferma d\u2019ordine per le spedizioni all\u2019estero.<\/p>\n<p>Il predetto termine di giorni lavorativi si applica per le spedizioni all\u2019estero nei Paesi indicati di seguito, fatta solo eccezione per i paesi per i quali tale termine potr\u00e0 essere aumentato in funzione dei diversi tempi di sdoganamento locali.<\/p>\n<ul>\n<li><strong>Servizi di consegna attivi in Italia:<\/strong><\/li>\n<\/ul>\n<p><b>Alpi Express srl<\/b><\/p>\n<p>Il servizio prevede 2 tentativi di consegna presso l&#8217;indirizzo indicato al momento dell&#8217;ordine. Dopo il secondo tentativo di consegna andato a vuoto, il pacco rester\u00e0 in giacenza gratuita per 3 giorni lavorativi presso il Corriere. Durante questi 3 giorni il Cliente potr\u00e0 contattare direttamente il Corriere per concordare la consegna o per modificare l&#8217;indirizzo della stessa. Dal 4\u00b0 giorno e per 7 giorni lavorativi (sabato incluso), invece, il pacco sar\u00e0 in giacenza gratuita presso la sede di zona del Corriere. Il Cliente ricever\u00e0 le informazioni relative alla sede del Corriere in cui recarsi per il ritiro tramite e-mail. In ogni caso il Cliente ha l\u2019onere di informarsi presso il Corriere in merito ad eventuali aggiornamenti o modifiche della procedura di consegna sopra descritta.<\/p>\n<ul>\n<li><strong>Servizi di consegna attivi all&#8217;Estero:<\/strong><\/li>\n<\/ul>\n<p>Le spedizioni all\u2019estero potranno avvenire con corrieri diversi a seconda del Paese di destinazione in modo da assicurare al Cliente la migliore tariffa disponibile.<\/p>\n<p><strong>Peso massimo della spedizione all&#8217;Estero<\/strong>: 120 Kg<\/p>\n<p><strong>Paesi in cui il servizio \u00e8 attivo<\/strong>:\u00a0sono quelli risultanti nella lista attiva sul sito, fatta salva la facolt\u00e0 di <b>GMG SERVICE S.R.L<\/b>. di inviare la merce con spese aggiuntive a carico del consumatore, spese che verranno specificate nella mail di conferma dell\u2019ordine.<\/p>\n<h2 class=\"western\">7. Diritto di recesso<\/h2>\n<p>Il Cliente ha diritto di recedere dal contratto di acquisto per qualsiasi motivo, senza necessit\u00e0 di fornire spiegazioni e senza alcuna penalit\u00e0 fatti salvi i casi di esclusione previsti al successivo punto IV. Per esercitare tale diritto, il Cliente dovr\u00e0 inviare a <strong>GMG SERVICE S.R.L.<\/strong> una comunicazione entro 10 giorni dalla data di ricevimento dei Prodotti.<br \/>\nQualora intenda esercitare il recesso prima di aver ricevuto i Prodotti, la comunicazione di recesso potr\u00e0 essere inviata in qualunque momento prima del loro ricevimento.<br \/>\nSe la comunicazione sar\u00e0 inviata, nelle modalit\u00e0 sotto esposte, entro 3 giorni dalla data di ricevimento dei Prodotti, il reso sar\u00e0 <span style=\"text-decoration: underline;\">gratuito<\/span>. Se inviata nei successivi 11 giorni, invece, le spese di reso saranno a carico del cliente.<\/p>\n<p>Tale comunicazione dovr\u00e0 essere inviata a mezzo lettera raccomandata A\/R, indirizzata a:<\/p>\n<p><strong>c.a. Ufficio Resi e Rimborsi\u00a0<\/strong><\/p>\n<p><strong><span lang=\"en-US\">GMG SERVICE S.R.L.<\/span><\/strong><\/p>\n<p><strong>Via delle Badie, 24\/B<br \/>\n59100-Prato (PO)<\/strong><\/p>\n<p>Il Servizio Clienti di <strong>GMG SERVICE S.R.L. <\/strong>provveder\u00e0, una volta ricevuta la comunicazione, ad aprire una pratica per la gestione del reso e a comunicare al Cliente le istruzioni sulla modalit\u00e0 di restituzione dei Prodotti, che avverr\u00e0 tramite corriere indicato da <strong>GMG SERVICE S.R.L. <\/strong>stessa.<\/p>\n<p>Il diritto di recesso \u00e8 disciplinato dalle seguenti condizioni:<\/p>\n<p>I. Il prodotto deve essere reso in condizioni di packaging tali da poter essere rivenduto, Il diritto si applica al Prodotto acquistato nella sua interezza; pertanto qualora il Prodotto sia composto da pi\u00f9 componenti o parti non \u00e8 possibile esercitare il recesso solamente su parte del Prodotto acquistato.<\/p>\n<p>II. In caso di esercizio del diritto di recesso, <strong>GMG SERVICE S.R.L. <\/strong>rimborser\u00e0 al cliente l&#8217;intero importo della merce resa, escluse le spese di spedizione ove previste, entro 7 giorni dalla data in cui \u00e8 stata ricevuta la comunicazione di recesso, fermo restando il diritto di <strong>GMG SERVICE S.R.L. <\/strong>di sospendere il pagamento del rimborso fino all\u2019effettivo ricevimento dei beni. Il rimborso avverr\u00e0 utilizzando lo stesso metodo di pagamento usato dal Cliente, salvo che questi non abbia espressamente richiesto una diversa modalit\u00e0. In caso di bonifico o pagamento in contrassegno sar\u00e0 cura del Cliente fornire le coordinate bancarie sulle quali ottenere il rimborso (intestatario del conto, nome e indirizzo della Banca e IBAN).<\/p>\n<p>III. Anche al fine di poter garantire la gratuit\u00e0 della restituzione ai sensi del successivo articolo 8, i Prodotti devono essere restituiti nella stessa scatola integra in cui sono stati ricevuti in condizioni tali da poter essere rivenduti. Non possono essere accettati resi in condizioni tali da non poter essere rivenduti sul banco.<\/p>\n<p>IV. Oltre ai casi indicati in Premessa (cliente non consumatore e\/o che richiede la fattura), il diritto di recesso \u00e8 escluso nei seguenti casi, ai sensi dell\u2019art. 59 d.lgs 21\/2014:<\/p>\n<p>&#8211; ordine di Prodotti confezionati su misura o chiaramente personalizzati;<\/p>\n<p>&#8211; ordine di Prodotti che rischiano di deteriorarsi o scadere rapidamente;<\/p>\n<p>&#8211; ordine di Prodotti sigillati che non si prestano ad essere restituiti per motivi igienici o connessi alla protezione della salute o che sono stati aperti dopo la consegna.<\/p>\n<p>Per motivi igienici e di tutela dei Clienti, <u>il diritto di recesso \u00e8 applicabile unicamente per i Prodotti acquistati sul Sito che possono essere restituiti a <\/u><strong>GMG SERVICE S.R.L. <\/strong><u>e rimessi in commercio senza pericoli per la salute dei consumatori.<\/u><\/p>\n<p>Nei casi di esclusione del diritto di recesso, <strong>GMG SERVICE S.R.L. <\/strong>provveder\u00e0 a restituire al Cliente i Prodotti acquistati, addebitando allo stesso le spese di spedizione.<\/p>\n<h2 class=\"western\">8. Reso Gratuito in caso di esercizio del diritto di recesso<\/h2>\n<p>Quale condizione di maggior favore per il Cliente <strong>GMG SERVICE S.R.L. <\/strong>mantiene integralmente a proprio carico i costi di spedizione per la restituzione dei Prodotti in caso di esercizio del diritto di recesso.<\/p>\n<p>Al fine di beneficiare di tale spedizione gratuita, Il Cliente che intenda esercitare il diritto di recesso dovr\u00e0 attenersi alla procedura indicata al precedente articolo 7 e attendere di essere contattato da <strong>GMG SERVICE S.R.L. <\/strong>per concordare la riconsegna dei Prodotti al corriere.<\/p>\n<h2 class=\"western\">9. Garanzia e Difetti di conformit\u00e0<\/h2>\n<p>In caso di difetti di conformit\u00e0 di Prodotti venduti da <strong>GMG SERVICE S.R.L. <\/strong>il Cliente dovr\u00e0 contattare immediatamente il Servizio Clienti.<\/p>\n<p>Alla vendita dei Prodotti si applicano le garanzie legali previste dagli articoli 129, 130 e 132 del Codice del Consumo. Il Cliente ha diritto, a sua scelta e a condizione che la tipologia del Prodotto lo consenta, al ripristino, senza spese, della conformit\u00e0 del Prodotto mediante riparazione o sostituzione, oppure ad una adeguata riduzione del prezzo o alla risoluzione del contratto. <u>Il Cliente decade da tali diritti se non denuncia a <\/u><strong><u>GMG SERVICE S.R.L. <\/u><\/strong><u>il difetto di conformit\u00e0 entro il termine di 7 giorni dalla data in cui ha scoperto il difetto, e comunque entro e non oltre 30 giorni dal ricevimento del Prodotto.<\/u><\/p>\n<h2 class=\"western\">10. Errori e limitazioni di responsabilit\u00e0<\/h2>\n<p>Le informazioni relative ai Prodotti fornite attraverso il Sito sono costantemente aggiornate. Non \u00e8 tuttavia possibile garantire la completa assenza di errori dei quali pertanto <strong>GMG SERVICE S.R.L. <\/strong>non potr\u00e0 considerarsi responsabile, salvo in caso di dolo o colpa grave.<\/p>\n<p><strong>GMG SERVICE S.R.L. <\/strong>si riserva il diritto di correggere gli errori, le inesattezze o le omissioni anche dopo che sia stato inviato un ordine, oppure di modificare o aggiornare le informazioni in qualsiasi momento senza preventiva comunicazione, fermi restando i diritti del Cliente ai sensi delle presenti Condizioni Generali e del Codice del Consumo.<\/p>\n<p>Salvo dolo o colpa grave, viene escluso ogni diritto del Cliente al risarcimento di danni o al riconoscimento di un indennizzo, nonch\u00e9 qualsiasi responsabilit\u00e0 contrattuale o extracontrattuale per danni diretti o indiretti a persone e\/o cose, provocati dalla mancata accettazione o evasione, anche parziale, di un ordine.<\/p>\n<h2 class=\"western\">11. Reclami<\/h2>\n<p>Ogni eventuale reclamo dovr\u00e0 essere inoltrato a <strong>GMG SERVICE S.R.L.<\/strong> utilizzando e-mail di contatto accessibile direttamente sul Sito, oppure telefonando al +39 0574 635158\u00a0(lun-ven 9:00\u201312:00, 15:00-17:00, (esclusi sabato e festivi), o mediante raccomandata a\/r al seguente indirizzo:<\/p>\n<p><strong>c.a. Ufficio Reclami<\/strong><\/p>\n<p><strong>GMG SERVICE S.R.L.<\/strong><\/p>\n<p><strong>Via delle Badie, 24\/B<\/strong><\/p>\n<p><strong>59100-Prato (PO)<\/strong><\/p>\n<p><strong>GMG SERVICE S.R.L. <\/strong>si impegna a rispondere a tutte le richieste pervenute entro un massimo di 7gg lavorativi.<\/p>\n<h2 class=\"western\">12. Legge applicabile e foro competente<\/h2>\n<p>Il contratto di vendita tra il Cliente e <strong>GMG SERVICE S.R.L. <\/strong>s&#8217;intende concluso in Italia e regolato dalla Legge Italiana. Per la soluzione di controversie relative all\u2019interpretazione, esecuzione o risoluzione delle presenti Condizioni Generali o di singoli ordini di acquisto se il Cliente \u00e8 un consumatore ai sensi del Codice del Consumo, sar\u00e0 competente in via esclusiva il foro del suo comune di residenza o di domicilio se ubicato nel territorio italiano; in tutti gli altri casi, la competenza territoriale \u00e8 esclusivamente quella del Foro di Prato, ogni eventuale altro foro competente escluso.<\/p>\n<p align=\"center\">***<\/p>\n<p>Ai sensi dell\u2019articolo 1341 c.c. il Cliente dichiara di aver letto e di accettare specificamente i seguenti articoli delle presenti Condizioni Generali: 6 (responsabilit\u00e0 per ritardi nella consegna), 10 (facolt\u00e0 di correggere errori &#8211; esclusioni di responsabilit\u00e0).<\/p>","protected":false},"excerpt":{"rendered":"<p>Condizioni di vendita Koon shop online Condizioni Generali (ai sensi del Capo I, titolo 3, parte 3, del d.lgs 206\/2005 e successive modifiche e integrazioni) 1. Premessa ed efficacia delle Condizioni Generali Le presenti condizioni generali di vendita (in seguito, &#8220;Condizioni Generali&#8220;) hanno per oggetto la disciplina dell\u2019acquisto dei prodotti e dei servizi effettuato a [&hellip;]<\/p>\n","protected":false},"author":4,"featured_media":0,"parent":0,"menu_order":0,"comment_status":"closed","ping_status":"closed","template":"","meta":{"footnotes":""},"jetpack_sharing_enabled":true,"_links":{"self":[{"href":"https:\/\/www.koon.it\/it_it\/wp-json\/wp\/v2\/pages\/8127"}],"collection":[{"href":"https:\/\/www.koon.it\/it_it\/wp-json\/wp\/v2\/pages"}],"about":[{"href":"https:\/\/www.koon.it\/it_it\/wp-json\/wp\/v2\/types\/page"}],"author":[{"embeddable":true,"href":"https:\/\/www.koon.it\/it_it\/wp-json\/wp\/v2\/users\/4"}],"replies":[{"embeddable":true,"href":"https:\/\/www.koon.it\/it_it\/wp-json\/wp\/v2\/comments?post=8127"}],"version-history":[{"count":7,"href":"https:\/\/www.koon.it\/it_it\/wp-json\/wp\/v2\/pages\/8127\/revisions"}],"predecessor-version":[{"id":14867,"href":"https:\/\/www.koon.it\/it_it\/wp-json\/wp\/v2\/pages\/8127\/revisions\/14867"}],"wp:attachment":[{"href":"https:\/\/www.koon.it\/it_it\/wp-json\/wp\/v2\/media?parent=8127"}],"curies":[{"name":"wp","href":"https:\/\/api.w.org\/{rel}","templated":true}]}}